{"id":948,"date":"2021-08-10T19:43:26","date_gmt":"2021-08-10T17:43:26","guid":{"rendered":"http:\/\/villaidylla.pl\/?page_id=948"},"modified":"2024-01-23T00:47:20","modified_gmt":"2024-01-22T23:47:20","slug":"948-2","status":"publish","type":"page","link":"https:\/\/villaidylla.pl\/index.php\/948-2\/","title":{"rendered":""},"content":{"rendered":"\n<div class=\"wp-block-themeisle-blocks-advanced-columns alignfull has-1-columns has-desktop-equal-layout has-tablet-equal-layout has-mobile-equal-layout has-default-gap has-vertical-center\" id=\"wp-block-themeisle-blocks-advanced-columns-063adc91\"><div class=\"wp-block-themeisle-blocks-advanced-columns-overlay\"><\/div><div class=\"innerblocks-wrap\">\n<div class=\"wp-block-themeisle-blocks-advanced-column\" id=\"wp-block-themeisle-blocks-advanced-column-9258a73f\">\n<h3 id=\"wp-block-themeisle-blocks-advanced-heading-f0ead51f\" class=\"wp-block-themeisle-blocks-advanced-heading wp-block-themeisle-blocks-advanced-heading-f0ead51f\">VILLA IDYLLA<\/h3>\n\n\n\n<h1 class=\"wp-block-heading has-text-align-center has-nv-text-dark-bg-color has-text-color\">Strefa WELLNESS &amp; SPA<\/h1>\n\n\n\n<div class=\"wp-block-buttons is-horizontal is-content-justification-center is-layout-flex wp-container-core-buttons-is-layout-499968f5 wp-block-buttons-is-layout-flex\">\n<div class=\"wp-block-button is-style-primary\"><a class=\"wp-block-button__link wp-element-button\" href=\"https:\/\/villaidylla.pl\/index.php\/915-2\/\">ZAREZERWUJ<\/a><\/div>\n<\/div>\n<\/div>\n<\/div><\/div>\n\n\n\n<div class=\"wp-block-themeisle-blocks-advanced-columns alignfull has-2-columns has-desktop-equal-layout has-tablet-equal-layout has-mobile-collapsedRows-layout has-default-gap has-vertical-center\" id=\"wp-block-themeisle-blocks-advanced-columns-25faff90\"><div class=\"wp-block-themeisle-blocks-advanced-columns-overlay\"><\/div><div class=\"innerblocks-wrap\">\n<div class=\"wp-block-themeisle-blocks-advanced-column\" id=\"wp-block-themeisle-blocks-advanced-column-83983c08\"><div class=\"wp-block-image is-style-rounded\">\n<figure class=\"aligncenter size-large\"><img loading=\"lazy\" decoding=\"async\" width=\"1024\" height=\"683\" src=\"https:\/\/villaidylla.pl\/wp-content\/uploads\/2021\/08\/IMG_5326-1024x683.jpg\" alt=\"\" class=\"wp-image-951\" srcset=\"https:\/\/villaidylla.pl\/wp-content\/uploads\/2021\/08\/IMG_5326-1024x683.jpg 1024w, https:\/\/villaidylla.pl\/wp-content\/uploads\/2021\/08\/IMG_5326-300x200.jpg 300w, https:\/\/villaidylla.pl\/wp-content\/uploads\/2021\/08\/IMG_5326-768x512.jpg 768w, https:\/\/villaidylla.pl\/wp-content\/uploads\/2021\/08\/IMG_5326-1536x1024.jpg 1536w, https:\/\/villaidylla.pl\/wp-content\/uploads\/2021\/08\/IMG_5326-2048x1365.jpg 2048w, https:\/\/villaidylla.pl\/wp-content\/uploads\/2021\/08\/IMG_5326-930x620.jpg 930w\" sizes=\"auto, (max-width: 1024px) 100vw, 1024px\" \/><\/figure>\n<\/div><\/div>\n\n\n\n<div class=\"wp-block-themeisle-blocks-advanced-column\" id=\"wp-block-themeisle-blocks-advanced-column-0fa14cd8\">\n<h6 class=\"wp-block-heading wp-block-themeisle-blocks-advanced-heading wp-block-themeisle-blocks-advanced-heading-d9af0945 has-neve-link-hover-color-color has-text-color\" id=\"wp-block-themeisle-blocks-advanced-heading-d9af0945\"><strong>Strefa relaksu<\/strong><\/h6>\n\n\n\n<h2 class=\"wp-block-heading wp-block-themeisle-blocks-advanced-heading wp-block-themeisle-blocks-advanced-heading-b2b8b738\" id=\"wp-block-themeisle-blocks-advanced-heading-b2b8b738\">Jakuzzi <\/h2>\n\n\n\n<p>Zrelaksuj si\u0119 w basenie z jacuzzi i zregeneruj swoje cia\u0142o w saunie. (dodatkowo p\u0142atne)<\/p>\n<\/div>\n<\/div><\/div>\n\n\n\n<div class=\"wp-block-themeisle-blocks-advanced-columns alignfull has-2-columns has-desktop-equal-layout has-tablet-equal-layout has-mobile-collapsedRows-layout has-default-gap has-vertical-center\" id=\"wp-block-themeisle-blocks-advanced-columns-995fa143\"><div class=\"wp-block-themeisle-blocks-advanced-columns-overlay\"><\/div><div class=\"innerblocks-wrap\">\n<div class=\"wp-block-themeisle-blocks-advanced-column\" id=\"wp-block-themeisle-blocks-advanced-column-25fb7756\">\n<h6 class=\"wp-block-heading wp-block-themeisle-blocks-advanced-heading wp-block-themeisle-blocks-advanced-heading-2a66a410 has-neve-link-hover-color-color has-text-color\" id=\"wp-block-themeisle-blocks-advanced-heading-2a66a410\"> <strong>Strefa SPA<\/strong><\/h6>\n\n\n\n<h2 class=\"wp-block-heading wp-block-themeisle-blocks-advanced-heading wp-block-themeisle-blocks-advanced-heading-e409c395 has-nv-text-dark-bg-color has-text-color\" id=\"wp-block-themeisle-blocks-advanced-heading-e409c395\">SAUNA<\/h2>\n\n\n\n<p class=\"has-nv-site-bg-color has-text-color\">Zapraszamy na seans odnowy i regeneracji do naszej sauny fi\u0144skiej (dodatkowo p\u0142atne). Rezerwacje na konkretn\u0105 godzin\u0119 mo\u017cna dokona\u0107 w naszej recepcji. <\/p>\n<\/div>\n\n\n\n<div class=\"wp-block-themeisle-blocks-advanced-column\" id=\"wp-block-themeisle-blocks-advanced-column-a18bbc62\"><div class=\"wp-block-image is-style-rounded\">\n<figure class=\"aligncenter size-full is-resized\"><img loading=\"lazy\" decoding=\"async\" width=\"640\" height=\"638\" src=\"https:\/\/villaidylla.pl\/wp-content\/uploads\/2021\/08\/villa-idylla-przesieka-karkonosze-turystyka-w-gorach-polish-giant-mountains-6-sauna-edited.jpg\" alt=\"\" class=\"wp-image-1010\" style=\"width:422px;height:419px\" srcset=\"https:\/\/villaidylla.pl\/wp-content\/uploads\/2021\/08\/villa-idylla-przesieka-karkonosze-turystyka-w-gorach-polish-giant-mountains-6-sauna-edited.jpg 640w, https:\/\/villaidylla.pl\/wp-content\/uploads\/2021\/08\/villa-idylla-przesieka-karkonosze-turystyka-w-gorach-polish-giant-mountains-6-sauna-edited-300x300.jpg 300w, https:\/\/villaidylla.pl\/wp-content\/uploads\/2021\/08\/villa-idylla-przesieka-karkonosze-turystyka-w-gorach-polish-giant-mountains-6-sauna-edited-150x150.jpg 150w\" sizes=\"auto, (max-width: 640px) 100vw, 640px\" \/><\/figure>\n<\/div><\/div>\n<\/div><\/div>\n\n\n\n<div class=\"wp-block-themeisle-blocks-advanced-columns alignfull has-2-columns has-desktop-equal-layout has-tablet-equal-layout has-mobile-collapsedRows-layout has-default-gap has-vertical-center\" id=\"wp-block-themeisle-blocks-advanced-columns-eed394cd\"><div class=\"wp-block-themeisle-blocks-advanced-columns-overlay\"><\/div><div class=\"innerblocks-wrap\">\n<div class=\"wp-block-themeisle-blocks-advanced-column\" id=\"wp-block-themeisle-blocks-advanced-column-2e2337ef\"><div class=\"wp-block-image is-style-rounded\">\n<figure class=\"aligncenter size-large\"><img loading=\"lazy\" decoding=\"async\" width=\"1024\" height=\"576\" src=\"https:\/\/villaidylla.pl\/wp-content\/uploads\/2021\/08\/villa-idylla-przesieka-karkonosze-turystyka-w-gorach-polish-giant-mountains-5-1024x576.jpg\" alt=\"\" class=\"wp-image-1011\" srcset=\"https:\/\/villaidylla.pl\/wp-content\/uploads\/2021\/08\/villa-idylla-przesieka-karkonosze-turystyka-w-gorach-polish-giant-mountains-5-1024x576.jpg 1024w, https:\/\/villaidylla.pl\/wp-content\/uploads\/2021\/08\/villa-idylla-przesieka-karkonosze-turystyka-w-gorach-polish-giant-mountains-5-300x169.jpg 300w, https:\/\/villaidylla.pl\/wp-content\/uploads\/2021\/08\/villa-idylla-przesieka-karkonosze-turystyka-w-gorach-polish-giant-mountains-5-768x432.jpg 768w, https:\/\/villaidylla.pl\/wp-content\/uploads\/2021\/08\/villa-idylla-przesieka-karkonosze-turystyka-w-gorach-polish-giant-mountains-5.jpg 1137w\" sizes=\"auto, (max-width: 1024px) 100vw, 1024px\" \/><\/figure>\n<\/div><\/div>\n\n\n\n<div class=\"wp-block-themeisle-blocks-advanced-column\" id=\"wp-block-themeisle-blocks-advanced-column-1a0f1e70\">\n<h6 class=\"wp-block-heading wp-block-themeisle-blocks-advanced-heading wp-block-themeisle-blocks-advanced-heading-d9af0945 has-neve-link-hover-color-color has-text-color\" id=\"wp-block-themeisle-blocks-advanced-heading-d9af0945\"><strong>Strefa sportu<\/strong><\/h6>\n\n\n\n<h2 class=\"wp-block-heading wp-block-themeisle-blocks-advanced-heading wp-block-themeisle-blocks-advanced-heading-b2b8b738\" id=\"wp-block-themeisle-blocks-advanced-heading-b2b8b738\">Si\u0142ownia<\/h2>\n\n\n\n<p>Na niskim poziomie obiektu mamy w pe\u0142ni wyposa\u017con\u0105 si\u0142ownie dla pocz\u0105tkuj\u0105cych i \u015brednio zaawansowanych.<\/p>\n<\/div>\n<\/div><\/div>\n","protected":false},"excerpt":{"rendered":"","protected":false},"author":1,"featured_media":0,"parent":0,"menu_order":0,"comment_status":"closed","ping_status":"closed","template":"","meta":{"om_disable_all_campaigns":false,"_monsterinsights_skip_tracking":false,"_monsterinsights_sitenote_active":false,"_monsterinsights_sitenote_note":"","_monsterinsights_sitenote_category":0,"neve_meta_sidebar":"full-width","neve_meta_container":"","neve_meta_enable_content_width":"on","neve_meta_content_width":100,"neve_meta_title_alignment":"","neve_meta_author_avatar":"","neve_post_elements_order":"","neve_meta_disable_header":"","neve_meta_disable_footer":"","neve_meta_disable_title":"","_themeisle_gutenberg_block_has_review":false,"footnotes":""},"class_list":["post-948","page","type-page","status-publish","hentry"],"aioseo_notices":[],"_links":{"self":[{"href":"https:\/\/villaidylla.pl\/index.php\/wp-json\/wp\/v2\/pages\/948","targetHints":{"allow":["GET"]}}],"collection":[{"href":"https:\/\/villaidylla.pl\/index.php\/wp-json\/wp\/v2\/pages"}],"about":[{"href":"https:\/\/villaidylla.pl\/index.php\/wp-json\/wp\/v2\/types\/page"}],"author":[{"embeddable":true,"href":"https:\/\/villaidylla.pl\/index.php\/wp-json\/wp\/v2\/users\/1"}],"replies":[{"embeddable":true,"href":"https:\/\/villaidylla.pl\/index.php\/wp-json\/wp\/v2\/comments?post=948"}],"version-history":[{"count":9,"href":"https:\/\/villaidylla.pl\/index.php\/wp-json\/wp\/v2\/pages\/948\/revisions"}],"predecessor-version":[{"id":1222,"href":"https:\/\/villaidylla.pl\/index.php\/wp-json\/wp\/v2\/pages\/948\/revisions\/1222"}],"wp:attachment":[{"href":"https:\/\/villaidylla.pl\/index.php\/wp-json\/wp\/v2\/media?parent=948"}],"curies":[{"name":"wp","href":"https:\/\/api.w.org\/{rel}","templated":true}]}}