{"id":915,"date":"2021-08-09T17:43:48","date_gmt":"2021-08-09T15:43:48","guid":{"rendered":"http:\/\/villaidylla.pl\/?page_id=915"},"modified":"2022-07-11T13:34:27","modified_gmt":"2022-07-11T11:34:27","slug":"915-2","status":"publish","type":"page","link":"https:\/\/villaidylla.pl\/index.php\/915-2\/","title":{"rendered":""},"content":{"rendered":"\n<div class=\"wp-block-themeisle-blocks-advanced-columns alignfull has-1-columns has-desktop-equal-layout has-tablet-equal-layout has-mobile-equal-layout has-default-gap has-vertical-center\" id=\"wp-block-themeisle-blocks-advanced-columns-07148be2\"><div class=\"wp-block-themeisle-blocks-advanced-columns-overlay\"><\/div><div class=\"innerblocks-wrap\">\n<div class=\"wp-block-themeisle-blocks-advanced-column\" id=\"wp-block-themeisle-blocks-advanced-column-0ed5e27f\">\n<h3 id=\"wp-block-themeisle-blocks-advanced-heading-29597f82\" class=\"wp-block-themeisle-blocks-advanced-heading wp-block-themeisle-blocks-advanced-heading-29597f82\">VILLA IDYLLA<\/h3>\n\n\n\n<h1 class=\"has-text-align-center has-nv-text-dark-bg-color has-text-color wp-block-heading\">Zarezerwuj sw\u00f3j pobyt<\/h1>\n<\/div>\n<\/div><\/div>\n\n\n\n<div class=\"wp-block-themeisle-blocks-advanced-columns alignfull has-2-columns has-desktop-equal-layout has-tablet-equal-layout has-mobile-collapsedRows-layout has-default-gap has-vertical-unset\" id=\"wp-block-themeisle-blocks-advanced-columns-26f6d10d\"><div class=\"wp-block-themeisle-blocks-advanced-columns-overlay\"><\/div><div class=\"innerblocks-wrap\">\n<div class=\"wp-block-themeisle-blocks-advanced-column\" id=\"wp-block-themeisle-blocks-advanced-column-b4649bd9\">\n<h2 id=\"wp-block-themeisle-blocks-advanced-heading-b6a10eb8\" class=\"wp-block-themeisle-blocks-advanced-heading wp-block-themeisle-blocks-advanced-heading-b6a10eb8\"><\/h2>\n\n\n\n<h2 id=\"wp-block-themeisle-blocks-advanced-heading-9810ad7e\" class=\"wp-block-themeisle-blocks-advanced-heading wp-block-themeisle-blocks-advanced-heading-9810ad7e\">Rezerwacje<\/h2>\n\n\n\n<h3 class=\"has-text-align-left has-neve-text-color-color has-text-color wp-block-heading\">tel: (0048) 606 353 635<br>e-mail: <a href=\"mailto:villaidylla@op.pl\" target=\"_blank\" rel=\"noreferrer noopener\">villaidylla@op.pl<\/a><\/h3>\n\n\n\n<p class=\"has-neve-text-color-color has-text-color\">Cieszymy si\u0119 i dzi\u0119kujemy, \u017ce to w\u0142a\u015bnie u nas chcecie sp\u0119dzi\u0107 sw\u00f3j czas b\u0119d\u0105c w Karkonoszach. Nasze apartamenty rezerwowane s\u0105 cz\u0119sto jeszcze przed sezonem. Dlatego nie zawsze mo\u017cemy zagwarantowa\u0107 wolne miejsca. Pami\u0119taj, im wcze\u015bniej rezerwujesz pobyt, tym wi\u0119ksze szanse na wolny pok\u00f3j.<\/p>\n\n\n\n<h3 id=\"wp-block-themeisle-blocks-advanced-heading-3d6010eb\" class=\"wp-block-themeisle-blocks-advanced-heading wp-block-themeisle-blocks-advanced-heading-3d6010eb\">RECEPCJA<\/h3>\n\n\n\n<p class=\"has-neve-text-color-color has-text-color\">Tel: (0048) 606 353 635<br>E-mail: <a href=\"mailto:villaidylla@op.pl\" target=\"_blank\" rel=\"noreferrer noopener\">villaidylla@op.pl<\/a><br>Adres: Droga Turystyczna 10,<br>58-563 Przesieka<\/p>\n\n\n\n<p><\/p>\n\n\n\n<h2 id=\"wp-block-themeisle-blocks-advanced-heading-8e42e89f\" class=\"wp-block-themeisle-blocks-advanced-heading wp-block-themeisle-blocks-advanced-heading-8e42e89f\">Numer konta do wp\u0142at:<\/h2>\n\n\n\n<p>nr konta: <strong>61 1020 3121 0000 6802 0089 8890<\/strong><\/p>\n\n\n\n<p>W tytule przelewu: IDYLLA oraz nazwisko<\/p>\n\n\n\n<hr class=\"wp-block-separator has-text-color has-css-opacity has-background is-style-wide\" style=\"background-color:#e8e8e8;color:#e8e8e8\"\/>\n<\/div>\n\n\n\n<div class=\"wp-block-themeisle-blocks-advanced-column\" id=\"wp-block-themeisle-blocks-advanced-column-1dd89cbb\">\n<h2 id=\"wp-block-themeisle-blocks-advanced-heading-2b44b8fa\" class=\"wp-block-themeisle-blocks-advanced-heading wp-block-themeisle-blocks-advanced-heading-2b44b8fa\"><br><br><\/h2>\n\n\n\n<h2 id=\"wp-block-themeisle-blocks-advanced-heading-03b7777f\" class=\"wp-block-themeisle-blocks-advanced-heading wp-block-themeisle-blocks-advanced-heading-03b7777f\"><br><\/h2>\n<\/div>\n<\/div><\/div>\n\n\n\n<div class=\"wp-block-themeisle-blocks-advanced-columns alignfull has-3-columns has-desktop-equal-layout has-tablet-equal-layout has-mobile-collapsedRows-layout has-default-gap has-vertical-unset\" id=\"wp-block-themeisle-blocks-advanced-columns-b7cf0e02\"><div class=\"wp-block-themeisle-blocks-advanced-columns-overlay\"><\/div><div class=\"innerblocks-wrap\">\n<div class=\"wp-block-themeisle-blocks-advanced-column\" id=\"wp-block-themeisle-blocks-advanced-column-0753f887\">\n<h1 id=\"wp-block-themeisle-blocks-advanced-heading-576cc55a\" class=\"wp-block-themeisle-blocks-advanced-heading wp-block-themeisle-blocks-advanced-heading-576cc55a\"> 10<\/h1>\n\n\n\n<h2 id=\"wp-block-themeisle-blocks-advanced-heading-034949f2\" class=\"wp-block-themeisle-blocks-advanced-heading wp-block-themeisle-blocks-advanced-heading-034949f2\">nowoczesnych apartament\u00f3w<\/h2>\n<\/div>\n\n\n\n<div class=\"wp-block-themeisle-blocks-advanced-column\" id=\"wp-block-themeisle-blocks-advanced-column-7ca0c0ea\">\n<h1 id=\"wp-block-themeisle-blocks-advanced-heading-736efddb\" class=\"wp-block-themeisle-blocks-advanced-heading wp-block-themeisle-blocks-advanced-heading-736efddb\"> 600<\/h1>\n\n\n\n<h2 id=\"wp-block-themeisle-blocks-advanced-heading-075bd0c0\" class=\"wp-block-themeisle-blocks-advanced-heading wp-block-themeisle-blocks-advanced-heading-075bd0c0\">m n.p.m<\/h2>\n<\/div>\n\n\n\n<div class=\"wp-block-themeisle-blocks-advanced-column\" id=\"wp-block-themeisle-blocks-advanced-column-5dd59473\">\n<h1 id=\"wp-block-themeisle-blocks-advanced-heading-04cc1e4c\" class=\"wp-block-themeisle-blocks-advanced-heading wp-block-themeisle-blocks-advanced-heading-04cc1e4c\">10000<\/h1>\n\n\n\n<h2 id=\"wp-block-themeisle-blocks-advanced-heading-cd81705f\" class=\"wp-block-themeisle-blocks-advanced-heading wp-block-themeisle-blocks-advanced-heading-cd81705f\">metr\u00f3w kw.<\/h2>\n<\/div>\n<\/div><\/div>\n\n\n\n<div class=\"wp-block-themeisle-blocks-advanced-columns alignfull has-1-columns has-desktop-equal-layout has-tablet-equal-layout has-mobile-equal-layout has-default-gap has-vertical-unset\" id=\"wp-block-themeisle-blocks-advanced-columns-2ba1f443\"><div class=\"wp-block-themeisle-blocks-advanced-columns-overlay\"><\/div><div class=\"innerblocks-wrap\">\n<div class=\"wp-block-themeisle-blocks-advanced-column\" id=\"wp-block-themeisle-blocks-advanced-column-9452c540\">\n<h3 id=\"wp-block-themeisle-blocks-advanced-heading-bf1f78e8\" class=\"wp-block-themeisle-blocks-advanced-heading wp-block-themeisle-blocks-advanced-heading-bf1f78e8\"><strong>OPINIE NASZYCH GO\u015aCI<\/strong><\/h3>\n\n\n\n<h2 class=\"has-text-align-center has-nv-text-dark-bg-color has-text-color wp-block-heading\">Dzi\u0119kujemy za Wasze mi\u0142e s\u0142owa!<\/h2>\n<\/div>\n<\/div><\/div>\n\n\n\n<div class=\"wp-block-themeisle-blocks-advanced-columns alignfull has-2-columns has-desktop-equal-layout has-tablet-equal-layout has-mobile-collapsedRows-layout has-default-gap has-vertical-unset\" id=\"wp-block-themeisle-blocks-advanced-columns-c5b2785b\"><div class=\"wp-block-themeisle-blocks-advanced-columns-overlay\"><\/div><div class=\"innerblocks-wrap\">\n<div class=\"wp-block-themeisle-blocks-advanced-column\" id=\"wp-block-themeisle-blocks-advanced-column-faa4a7a1\">\n<div id=\"wp-block-themeisle-blocks-button-group-7e9bc804\" class=\"wp-block-themeisle-blocks-button-group wp-block-buttons align-center\">\n<div id=\"wp-block-themeisle-blocks-button-3f675c66\" class=\"wp-block-themeisle-blocks-button wp-block-button\"><a href=\"\" target=\"_self\" rel=\"noopener noreferrer\" class=\"wp-block-button__link\"><i class=\"fas fa-fw fa-star\"><\/i><\/a><\/div>\n\n\n\n<div id=\"wp-block-themeisle-blocks-button-7b35da33\" class=\"wp-block-themeisle-blocks-button wp-block-button\"><a href=\"\" target=\"_self\" rel=\"noopener noreferrer\" class=\"wp-block-button__link\"><i class=\"fas fa-fw fa-star\"><\/i><\/a><\/div>\n\n\n\n<div id=\"wp-block-themeisle-blocks-button-3378ae8b\" class=\"wp-block-themeisle-blocks-button wp-block-button\"><a href=\"\" target=\"_self\" rel=\"noopener noreferrer\" class=\"wp-block-button__link\"><i class=\"fas fa-fw fa-star\"><\/i><\/a><\/div>\n\n\n\n<div id=\"wp-block-themeisle-blocks-button-e3a7b9cb\" class=\"wp-block-themeisle-blocks-button wp-block-button\"><a href=\"\" target=\"_self\" rel=\"noopener noreferrer\" class=\"wp-block-button__link\"><i class=\"fas fa-fw fa-star\"><\/i><\/a><\/div>\n\n\n\n<div id=\"wp-block-themeisle-blocks-button-09263677\" class=\"wp-block-themeisle-blocks-button wp-block-button\"><a href=\"\" target=\"_self\" rel=\"noopener noreferrer\" class=\"wp-block-button__link\"><i class=\"fas fa-fw fa-star\"><\/i><\/a><\/div>\n<\/div>\n\n\n\n<p class=\"has-text-align-center has-nv-text-dark-bg-color has-text-color has-medium-font-size\"> \u201c&#8230; Bardzo wygodne \u0142\u00f3\u017cka, pi\u0119kne otoczenie i ogr\u00f3d,  mi\u0142a obs\u0142uga. Pyszne nale\u015bniki z jagodami i malownicze widoki ju\u017c z okna!\u201d<br><\/p>\n\n\n\n<h3 id=\"wp-block-themeisle-blocks-advanced-heading-12440875\" class=\"wp-block-themeisle-blocks-advanced-heading wp-block-themeisle-blocks-advanced-heading-12440875\">KINGA<\/h3>\n<\/div>\n\n\n\n<div class=\"wp-block-themeisle-blocks-advanced-column\" id=\"wp-block-themeisle-blocks-advanced-column-58e62fe3\">\n<div id=\"wp-block-themeisle-blocks-button-group-5aec6fb8\" class=\"wp-block-themeisle-blocks-button-group wp-block-buttons align-center\">\n<div id=\"wp-block-themeisle-blocks-button-2cc3da5f\" class=\"wp-block-themeisle-blocks-button wp-block-button\"><a href=\"\" target=\"_self\" rel=\"noopener noreferrer\" class=\"wp-block-button__link\"><i class=\"fas fa-fw fa-star\"><\/i><\/a><\/div>\n\n\n\n<div id=\"wp-block-themeisle-blocks-button-204cbe46\" class=\"wp-block-themeisle-blocks-button wp-block-button\"><a href=\"\" target=\"_self\" rel=\"noopener noreferrer\" class=\"wp-block-button__link\"><i class=\"fas fa-fw fa-star\"><\/i><\/a><\/div>\n\n\n\n<div id=\"wp-block-themeisle-blocks-button-0a7932e8\" class=\"wp-block-themeisle-blocks-button wp-block-button\"><a href=\"\" target=\"_self\" rel=\"noopener noreferrer\" class=\"wp-block-button__link\"><i class=\"fas fa-fw fa-star\"><\/i><\/a><\/div>\n\n\n\n<div id=\"wp-block-themeisle-blocks-button-23f91ec2\" class=\"wp-block-themeisle-blocks-button wp-block-button\"><a href=\"\" target=\"_self\" rel=\"noopener noreferrer\" class=\"wp-block-button__link\"><i class=\"fas fa-fw fa-star\"><\/i><\/a><\/div>\n\n\n\n<div id=\"wp-block-themeisle-blocks-button-8cd44aa8\" class=\"wp-block-themeisle-blocks-button wp-block-button\"><a href=\"\" target=\"_self\" rel=\"noopener noreferrer\" class=\"wp-block-button__link\"><i class=\"fas fa-fw fa-star\"><\/i><\/a><\/div>\n<\/div>\n\n\n\n<p class=\"has-text-align-center has-nv-text-dark-bg-color has-text-color has-medium-font-size\"> \u201c&#8230; Rewelacyjna lokalizacja, czysto, schludnie. Sympatyczni i pomocni gospodarze. Wsz\u0119dzie blisko, i w g\u00f3ry i &#8220;w d\u00f3\u0142&#8221;. Du\u017cy parking. Bezpiecznie (zamykana brama). Polecamy na kr\u00f3tkie weekendowe jak i d\u0142u\u017csze wypady, my ju\u017c w Idylli trzeci raz!\u201d<br><\/p>\n\n\n\n<h3 id=\"wp-block-themeisle-blocks-advanced-heading-a35e3ea0\" class=\"wp-block-themeisle-blocks-advanced-heading wp-block-themeisle-blocks-advanced-heading-a35e3ea0\">MARCEL Z RODZIN\u0104<\/h3>\n<\/div>\n<\/div><\/div>\n","protected":false},"excerpt":{"rendered":"","protected":false},"author":1,"featured_media":0,"parent":0,"menu_order":0,"comment_status":"closed","ping_status":"closed","template":"page-templates\/template-pagebuilder-full-width.php","meta":{"om_disable_all_campaigns":false,"_monsterinsights_skip_tracking":false,"_monsterinsights_sitenote_active":false,"_monsterinsights_sitenote_note":"","_monsterinsights_sitenote_category":0,"neve_meta_sidebar":"full-width","neve_meta_container":"","neve_meta_enable_content_width":"on","neve_meta_content_width":100,"neve_meta_title_alignment":"center","neve_meta_author_avatar":"","neve_post_elements_order":"","neve_meta_disable_header":"","neve_meta_disable_footer":"","neve_meta_disable_title":"","_themeisle_gutenberg_block_has_review":false,"footnotes":""},"class_list":["post-915","page","type-page","status-publish","hentry"],"aioseo_notices":[],"_links":{"self":[{"href":"https:\/\/villaidylla.pl\/index.php\/wp-json\/wp\/v2\/pages\/915","targetHints":{"allow":["GET"]}}],"collection":[{"href":"https:\/\/villaidylla.pl\/index.php\/wp-json\/wp\/v2\/pages"}],"about":[{"href":"https:\/\/villaidylla.pl\/index.php\/wp-json\/wp\/v2\/types\/page"}],"author":[{"embeddable":true,"href":"https:\/\/villaidylla.pl\/index.php\/wp-json\/wp\/v2\/users\/1"}],"replies":[{"embeddable":true,"href":"https:\/\/villaidylla.pl\/index.php\/wp-json\/wp\/v2\/comments?post=915"}],"version-history":[{"count":10,"href":"https:\/\/villaidylla.pl\/index.php\/wp-json\/wp\/v2\/pages\/915\/revisions"}],"predecessor-version":[{"id":1199,"href":"https:\/\/villaidylla.pl\/index.php\/wp-json\/wp\/v2\/pages\/915\/revisions\/1199"}],"wp:attachment":[{"href":"https:\/\/villaidylla.pl\/index.php\/wp-json\/wp\/v2\/media?parent=915"}],"curies":[{"name":"wp","href":"https:\/\/api.w.org\/{rel}","templated":true}]}}