{"id":545,"date":"2021-07-15T00:44:49","date_gmt":"2021-07-14T22:44:49","guid":{"rendered":"http:\/\/villaidylla.pl\/?page_id=545"},"modified":"2024-01-28T20:54:15","modified_gmt":"2024-01-28T19:54:15","slug":"faq-czesto-zadawane-pytania","status":"publish","type":"page","link":"https:\/\/villaidylla.pl\/index.php\/faq-czesto-zadawane-pytania\/","title":{"rendered":"FAQ &#8211; cz\u0119sto zadawane pytania"},"content":{"rendered":"\n<div class=\"wp-block-themeisle-blocks-advanced-columns alignfull has-1-columns has-desktop-equal-layout has-tablet-equal-layout has-mobile-equal-layout has-default-gap has-vertical-center\" id=\"wp-block-themeisle-blocks-advanced-columns-45b87a17\"><div class=\"wp-block-themeisle-blocks-advanced-columns-overlay\"><\/div><div class=\"innerblocks-wrap\">\n<div class=\"wp-block-themeisle-blocks-advanced-column\" id=\"wp-block-themeisle-blocks-advanced-column-0cdcabe3\">\n<h3 id=\"wp-block-themeisle-blocks-advanced-heading-11790ddc\" class=\"wp-block-themeisle-blocks-advanced-heading wp-block-themeisle-blocks-advanced-heading-11790ddc\">Villa <strong>IDYLLA &#8211; FAQ<\/strong><\/h3>\n\n\n\n<h1 class=\"wp-block-heading has-text-align-center has-white-color has-text-color\">Masz pytanie?<br>My mamy odpowiedz.<\/h1>\n<\/div>\n<\/div><\/div>\n\n\n\n<div class=\"wp-block-themeisle-blocks-advanced-columns alignfull has-2-columns has-desktop-equal-layout has-tablet-equal-layout has-mobile-collapsedRows-layout has-default-gap has-vertical-unset\" id=\"wp-block-themeisle-blocks-advanced-columns-50d43494\"><div class=\"wp-block-themeisle-blocks-advanced-columns-overlay\"><\/div><div class=\"innerblocks-wrap\">\n<div class=\"wp-block-themeisle-blocks-advanced-column\" id=\"wp-block-themeisle-blocks-advanced-column-90f823f0\">\n<h3 id=\"wp-block-themeisle-blocks-advanced-heading-2c79898c\" class=\"wp-block-themeisle-blocks-advanced-heading wp-block-themeisle-blocks-advanced-heading-2c79898c\">FAQ<\/h3>\n\n\n\n<h2 class=\"wp-block-heading\">Masz pytanie?<br>My mamy odpowiedz.<\/h2>\n<\/div>\n\n\n\n<div class=\"wp-block-themeisle-blocks-advanced-column\" id=\"wp-block-themeisle-blocks-advanced-column-49965be3\">\n<h3 id=\"wp-block-themeisle-blocks-advanced-heading-5a9d0921\" class=\"wp-block-themeisle-blocks-advanced-heading wp-block-themeisle-blocks-advanced-heading-5a9d0921\">Czy pomo\u017cecie z baga\u017cami?<\/h3>\n\n\n\n<p>Tak, ale uprzed\u017a nas wcze\u015bniej by\u015bmy wcze\u015bniej wys\u0142ali Wam kto\u015b do pomocy.<\/p>\n\n\n\n<h3 id=\"wp-block-themeisle-blocks-advanced-heading-edbf08f0\" class=\"wp-block-themeisle-blocks-advanced-heading wp-block-themeisle-blocks-advanced-heading-edbf08f0\">Ile wcze\u015bniej musze rezerwowa\u0107 nocleg?<\/h3>\n\n\n\n<p>Im wcze\u015bniej tym lepiej. W wysokim sezonie niestety noclegi rezerwowane s\u0105 nawet z kilkumiesi\u0119cznym wyprzedzeniem. Nie jeste\u015bmy w stanie zagwarantowa\u0107 wolnych miejsc w ka\u017cdym czasie.<\/p>\n\n\n\n<h3 id=\"wp-block-themeisle-blocks-advanced-heading-9e79c29b\" class=\"wp-block-themeisle-blocks-advanced-heading wp-block-themeisle-blocks-advanced-heading-9e79c29b\">Czy mog\u0119 anulowa\u0107 rezerwacj\u0119 lub zmieni\u0107 termin przyjazdu?<\/h3>\n\n\n\n<p>Tak, anulacja jest mo\u017cliwa je\u015bli Twoja rezerwacja nie zostanie potwierdzona a wp\u0142ata nie zostanie zaksi\u0119gowania. Zwykle  proponujemy zmian\u0119 terminu lub proponujemy alternatyw\u0119. <\/p>\n\n\n\n<p class=\"has-medium-font-size\"><strong>Czy mog\u0119 przyjecha\u0107 z psem?<\/strong><\/p>\n\n\n\n<p>Tak, jeste\u015bmy przyja\u017ani zwierz\u0119tom. Posiadamy dwa apartamenty z zewn\u0119trznym Tarasem i pi\u0119knym widokiem na panoram\u0119 Podg\u00f3rzyna, Zache\u0142mia i Przesieki (na parterze) gdzie umo\u017cliwiamy naszym go\u015bciom przyjazd z ich ukochanymi zwierzakami za dodatkow\u0105 op\u0142at\u0105.<\/p>\n\n\n\n<p class=\"has-medium-font-size\"><strong>Czy s\u0105 jakie\u015b atrakcje \/ udogodnienia dla dzieci<\/strong>?<\/p>\n\n\n\n<p>Tak, W sali kominkowej ma\u0142y k\u0105cik dla m\u0142odszych dzieci gry planszowe. Mamy te\u017c du\u017cy ogrodzony teren z ogrodem wok\u00f3\u0142 Idylli. Ogr\u00f3d jest otoczony wysokimi drzewami. Na terenie ogrodu przed obiektem jest mostek pod kt\u00f3rym p\u0142ynie g\u00f3rski strumyk. W ogrodzie jest hamak, hu\u015btawka, star\u0105 historyczna kapliczka, strefa ogniska, strefa ska\u0142ek oraz \u015bcie\u017cka sportowa \/ zdrowia dla dzieci i m\u0142odzie\u017cy (aktualnie w renowacji) mo\u017cna b\u0119dzie tam wykonywa\u0107 r\u00f3\u017cne \u0107wiczenia zr\u0119czno\u015bciowo-sprawno\u015bciowe.<\/p>\n\n\n\n<p class=\"has-medium-font-size\"><strong>Czy jest parking przy obiekcie, gdzie zaparkuje auto?<\/strong><\/p>\n\n\n\n<p>Tak, mamy ca\u0142kiem spory, utwardzony, bezpieczny parking na oko\u0142o 20 aut przy samej Idylli. Parking jest monitorowany i zamykany na noc (brama automatyczna)<\/p>\n\n\n\n<p class=\"has-medium-font-size\"><strong>Podajecie ciep\u0142e posi\u0142ki?<\/strong><\/p>\n\n\n\n<p>Aktualnie w sali g\u0142\u00f3wnej podajemy kaw\u0119 herbat\u0119, zimne napoje w tym bardzo dobre lokalne browary, ale i s\u0142odkie i s\u0142one przek\u0105ski. W przysz\u0142o\u015bci planujemy uruchomi\u0107 restauracj\u0119.<\/p>\n<\/div>\n<\/div><\/div>\n","protected":false},"excerpt":{"rendered":"","protected":false},"author":1,"featured_media":0,"parent":0,"menu_order":0,"comment_status":"closed","ping_status":"closed","template":"page-templates\/template-pagebuilder-full-width.php","meta":{"om_disable_all_campaigns":false,"_monsterinsights_skip_tracking":false,"_monsterinsights_sitenote_active":false,"_monsterinsights_sitenote_note":"","_monsterinsights_sitenote_category":0,"neve_meta_sidebar":"full-width","neve_meta_container":"","neve_meta_enable_content_width":"on","neve_meta_content_width":100,"neve_meta_title_alignment":"","neve_meta_author_avatar":"","neve_post_elements_order":"","neve_meta_disable_header":"","neve_meta_disable_footer":"","neve_meta_disable_title":"","_themeisle_gutenberg_block_has_review":false,"footnotes":""},"class_list":["post-545","page","type-page","status-publish","hentry"],"aioseo_notices":[],"_links":{"self":[{"href":"https:\/\/villaidylla.pl\/index.php\/wp-json\/wp\/v2\/pages\/545","targetHints":{"allow":["GET"]}}],"collection":[{"href":"https:\/\/villaidylla.pl\/index.php\/wp-json\/wp\/v2\/pages"}],"about":[{"href":"https:\/\/villaidylla.pl\/index.php\/wp-json\/wp\/v2\/types\/page"}],"author":[{"embeddable":true,"href":"https:\/\/villaidylla.pl\/index.php\/wp-json\/wp\/v2\/users\/1"}],"replies":[{"embeddable":true,"href":"https:\/\/villaidylla.pl\/index.php\/wp-json\/wp\/v2\/comments?post=545"}],"version-history":[{"count":6,"href":"https:\/\/villaidylla.pl\/index.php\/wp-json\/wp\/v2\/pages\/545\/revisions"}],"predecessor-version":[{"id":1224,"href":"https:\/\/villaidylla.pl\/index.php\/wp-json\/wp\/v2\/pages\/545\/revisions\/1224"}],"wp:attachment":[{"href":"https:\/\/villaidylla.pl\/index.php\/wp-json\/wp\/v2\/media?parent=545"}],"curies":[{"name":"wp","href":"https:\/\/api.w.org\/{rel}","templated":true}]}}