{"id":1231,"date":"2026-01-30T16:36:54","date_gmt":"2026-01-30T15:36:54","guid":{"rendered":"https:\/\/villaidylla.pl\/?page_id=1231"},"modified":"2026-01-30T23:13:14","modified_gmt":"2026-01-30T22:13:14","slug":"ogrod-zimowy-w-villa-idylla-z-widokiem-na-piekno-zimy","status":"publish","type":"page","link":"https:\/\/villaidylla.pl\/index.php\/ogrod-zimowy-w-villa-idylla-z-widokiem-na-piekno-zimy\/","title":{"rendered":"Ogrod Zimowy w Villa Idylla!"},"content":{"rendered":"\n<figure class=\"wp-block-gallery has-nested-images columns-default is-cropped wp-block-gallery-1 is-layout-flex wp-block-gallery-is-layout-flex\">\n<figure class=\"wp-block-image size-large\"><img loading=\"lazy\" decoding=\"async\" width=\"1024\" height=\"746\" data-id=\"1234\" src=\"https:\/\/villaidylla.pl\/wp-content\/uploads\/2026\/01\/idylla-Villa-Idylla-Ogrod-Zimowy-restauracja-na-zewnatrz-zimowe-widoki-1-1024x746.jpg\" alt=\"\" class=\"wp-image-1234\" srcset=\"https:\/\/villaidylla.pl\/wp-content\/uploads\/2026\/01\/idylla-Villa-Idylla-Ogrod-Zimowy-restauracja-na-zewnatrz-zimowe-widoki-1-1024x746.jpg 1024w, https:\/\/villaidylla.pl\/wp-content\/uploads\/2026\/01\/idylla-Villa-Idylla-Ogrod-Zimowy-restauracja-na-zewnatrz-zimowe-widoki-1-300x218.jpg 300w, https:\/\/villaidylla.pl\/wp-content\/uploads\/2026\/01\/idylla-Villa-Idylla-Ogrod-Zimowy-restauracja-na-zewnatrz-zimowe-widoki-1-768x559.jpg 768w, https:\/\/villaidylla.pl\/wp-content\/uploads\/2026\/01\/idylla-Villa-Idylla-Ogrod-Zimowy-restauracja-na-zewnatrz-zimowe-widoki-1.jpg 1534w\" sizes=\"auto, (max-width: 1024px) 100vw, 1024px\" \/><\/figure>\n\n\n\n<figure class=\"wp-block-image size-large\"><img loading=\"lazy\" decoding=\"async\" width=\"1024\" height=\"768\" data-id=\"1235\" src=\"https:\/\/villaidylla.pl\/wp-content\/uploads\/2026\/01\/Ogrod-Zimowy-Villa-Idylla-oranzeria-restauracja2-1024x768.jpeg\" alt=\"\" class=\"wp-image-1235\" srcset=\"https:\/\/villaidylla.pl\/wp-content\/uploads\/2026\/01\/Ogrod-Zimowy-Villa-Idylla-oranzeria-restauracja2-1024x768.jpeg 1024w, https:\/\/villaidylla.pl\/wp-content\/uploads\/2026\/01\/Ogrod-Zimowy-Villa-Idylla-oranzeria-restauracja2-300x225.jpeg 300w, https:\/\/villaidylla.pl\/wp-content\/uploads\/2026\/01\/Ogrod-Zimowy-Villa-Idylla-oranzeria-restauracja2-768x576.jpeg 768w, https:\/\/villaidylla.pl\/wp-content\/uploads\/2026\/01\/Ogrod-Zimowy-Villa-Idylla-oranzeria-restauracja2-1536x1152.jpeg 1536w, https:\/\/villaidylla.pl\/wp-content\/uploads\/2026\/01\/Ogrod-Zimowy-Villa-Idylla-oranzeria-restauracja2.jpeg 1600w\" sizes=\"auto, (max-width: 1024px) 100vw, 1024px\" \/><\/figure>\n\n\n\n<figure class=\"wp-block-image size-large\"><img loading=\"lazy\" decoding=\"async\" width=\"1024\" height=\"768\" data-id=\"1236\" src=\"https:\/\/villaidylla.pl\/wp-content\/uploads\/2026\/01\/Ogrod-Zimowy-Villa-Idylla-oranzeria-restauracja3-1024x768.jpeg\" alt=\"\" class=\"wp-image-1236\" srcset=\"https:\/\/villaidylla.pl\/wp-content\/uploads\/2026\/01\/Ogrod-Zimowy-Villa-Idylla-oranzeria-restauracja3-1024x768.jpeg 1024w, https:\/\/villaidylla.pl\/wp-content\/uploads\/2026\/01\/Ogrod-Zimowy-Villa-Idylla-oranzeria-restauracja3-300x225.jpeg 300w, https:\/\/villaidylla.pl\/wp-content\/uploads\/2026\/01\/Ogrod-Zimowy-Villa-Idylla-oranzeria-restauracja3-768x576.jpeg 768w, https:\/\/villaidylla.pl\/wp-content\/uploads\/2026\/01\/Ogrod-Zimowy-Villa-Idylla-oranzeria-restauracja3-1536x1152.jpeg 1536w, https:\/\/villaidylla.pl\/wp-content\/uploads\/2026\/01\/Ogrod-Zimowy-Villa-Idylla-oranzeria-restauracja3.jpeg 1600w\" sizes=\"auto, (max-width: 1024px) 100vw, 1024px\" \/><\/figure>\n<\/figure>\n\n\n\n<p><br>Zapraszamy do naszego klimatycznego Ogrodeu Zimowego w Villa Idylla &#8211; idealnym na imprezy okoliczno\u015bciowe, spotkania prywatne oraz wydarzenia dla grup zorganizowanych.<br>To wyj\u0105tkowo jasno do\u015bwietlona i spokojna przestrze\u0144, kt\u00f3ra \u015bwietnie sprawdza si\u0119 na zaj\u0119cia jogi, warsztaty, spotkania rozwojowe, kameralne eventy czy integracje <img loading=\"lazy\" decoding=\"async\" height=\"16\" width=\"16\" src=\"https:\/\/static.xx.fbcdn.net\/images\/emoji.php\/v9\/t2\/1\/16\/1f60d.png\" alt=\"\ud83d\ude0d\"><img loading=\"lazy\" decoding=\"async\" height=\"16\" width=\"16\" src=\"https:\/\/static.xx.fbcdn.net\/images\/emoji.php\/v9\/tb7\/1\/16\/1f917.png\" alt=\"\ud83e\udd17\"><img loading=\"lazy\" decoding=\"async\" height=\"16\" width=\"16\" src=\"https:\/\/static.xx.fbcdn.net\/images\/emoji.php\/v9\/td0\/1\/16\/1f9d8_1f3fb_200d_2642.png\" alt=\"\ud83e\uddd8\ud83c\udffb\u200d\u2642\ufe0f\"><img loading=\"lazy\" decoding=\"async\" height=\"16\" width=\"16\" src=\"https:\/\/static.xx.fbcdn.net\/images\/emoji.php\/v9\/t1f\/1\/16\/1f3b6.png\" alt=\"\ud83c\udfb6\"><img loading=\"lazy\" decoding=\"async\" height=\"16\" width=\"16\" src=\"https:\/\/static.xx.fbcdn.net\/images\/emoji.php\/v9\/tf4\/1\/16\/2728.png\" alt=\"\u2728\"><\/p>\n","protected":false},"excerpt":{"rendered":"<p>Zapraszamy do naszego klimatycznego Ogrodeu Zimowego w Villa Idylla &#8211; idealnym na imprezy okoliczno\u015bciowe, spotkania prywatne oraz wydarzenia dla grup zorganizowanych.To wyj\u0105tkowo jasno do\u015bwietlona i spokojna przestrze\u0144, kt\u00f3ra \u015bwietnie sprawdza si\u0119 na zaj\u0119cia jogi, warsztaty, spotkania rozwojowe, kameralne eventy czy integracje<\/p>\n","protected":false},"author":1,"featured_media":1232,"parent":0,"menu_order":0,"comment_status":"closed","ping_status":"closed","template":"","meta":{"om_disable_all_campaigns":false,"_monsterinsights_skip_tracking":false,"_monsterinsights_sitenote_active":false,"_monsterinsights_sitenote_note":"","_monsterinsights_sitenote_category":0,"neve_meta_sidebar":"full-width","neve_meta_container":"","neve_meta_enable_content_width":"on","neve_meta_content_width":100,"neve_meta_title_alignment":"","neve_meta_author_avatar":"","neve_post_elements_order":"","neve_meta_disable_header":"","neve_meta_disable_footer":"","neve_meta_disable_title":"","_themeisle_gutenberg_block_has_review":false,"footnotes":""},"class_list":["post-1231","page","type-page","status-publish","has-post-thumbnail","hentry"],"aioseo_notices":[],"_links":{"self":[{"href":"https:\/\/villaidylla.pl\/index.php\/wp-json\/wp\/v2\/pages\/1231","targetHints":{"allow":["GET"]}}],"collection":[{"href":"https:\/\/villaidylla.pl\/index.php\/wp-json\/wp\/v2\/pages"}],"about":[{"href":"https:\/\/villaidylla.pl\/index.php\/wp-json\/wp\/v2\/types\/page"}],"author":[{"embeddable":true,"href":"https:\/\/villaidylla.pl\/index.php\/wp-json\/wp\/v2\/users\/1"}],"replies":[{"embeddable":true,"href":"https:\/\/villaidylla.pl\/index.php\/wp-json\/wp\/v2\/comments?post=1231"}],"version-history":[{"count":5,"href":"https:\/\/villaidylla.pl\/index.php\/wp-json\/wp\/v2\/pages\/1231\/revisions"}],"predecessor-version":[{"id":1258,"href":"https:\/\/villaidylla.pl\/index.php\/wp-json\/wp\/v2\/pages\/1231\/revisions\/1258"}],"wp:featuredmedia":[{"embeddable":true,"href":"https:\/\/villaidylla.pl\/index.php\/wp-json\/wp\/v2\/media\/1232"}],"wp:attachment":[{"href":"https:\/\/villaidylla.pl\/index.php\/wp-json\/wp\/v2\/media?parent=1231"}],"curies":[{"name":"wp","href":"https:\/\/api.w.org\/{rel}","templated":true}]}}