{"id":1210,"date":"2023-09-30T11:35:57","date_gmt":"2023-09-30T09:35:57","guid":{"rendered":"http:\/\/villaidylla.pl\/?page_id=1210"},"modified":"2023-09-30T11:40:05","modified_gmt":"2023-09-30T09:40:05","slug":"restauracja","status":"publish","type":"page","link":"https:\/\/villaidylla.pl\/index.php\/restauracja\/","title":{"rendered":"Restauracja"},"content":{"rendered":"\n<div class=\"wp-block-themeisle-blocks-advanced-columns alignfull has-1-columns has-desktop-equal-layout has-tablet-equal-layout has-mobile-equal-layout has-default-gap has-vertical-center\" id=\"wp-block-themeisle-blocks-advanced-columns-07148be2\"><div class=\"wp-block-themeisle-blocks-advanced-columns-overlay\"><\/div><div class=\"innerblocks-wrap\">\n<div class=\"wp-block-themeisle-blocks-advanced-column\" id=\"wp-block-themeisle-blocks-advanced-column-0ed5e27f\">\n<h3 id=\"wp-block-themeisle-blocks-advanced-heading-29597f82\" class=\"wp-block-themeisle-blocks-advanced-heading wp-block-themeisle-blocks-advanced-heading-29597f82\">VILLA IDYLLA<\/h3>\n\n\n\n<h1 class=\"wp-block-heading has-text-align-center has-nv-text-dark-bg-color has-text-color\">\u015aniadania, obiadokolacje, pyszna aromatyczna kawa.<\/h1>\n<\/div>\n<\/div><\/div>\n\n\n\n<div class=\"wp-block-themeisle-blocks-advanced-columns alignfull has-2-columns has-desktop-equal-layout has-tablet-equal-layout has-mobile-collapsedRows-layout has-default-gap has-vertical-unset\" id=\"wp-block-themeisle-blocks-advanced-columns-26f6d10d\"><div class=\"wp-block-themeisle-blocks-advanced-columns-overlay\"><\/div><div class=\"innerblocks-wrap\">\n<div class=\"wp-block-themeisle-blocks-advanced-column\" id=\"wp-block-themeisle-blocks-advanced-column-b4649bd9\">\n<h2 id=\"wp-block-themeisle-blocks-advanced-heading-b6a10eb8\" class=\"wp-block-themeisle-blocks-advanced-heading wp-block-themeisle-blocks-advanced-heading-b6a10eb8\">Restauracja Villa Idylla<\/h2>\n\n\n\n<h2 id=\"wp-block-themeisle-blocks-advanced-heading-9810ad7e\" class=\"wp-block-themeisle-blocks-advanced-heading wp-block-themeisle-blocks-advanced-heading-9810ad7e\">\u015aniadania<\/h2>\n\n\n\n<p><strong>Jajecznica na ma\u015ble?<\/strong><\/p>\n\n\n\n<p><strong>Musli z jogurtem i owocami<\/strong>,<\/p>\n\n\n\n<p><strong>A mo\u017ce nale\u015bniki z jagodami<\/strong>?<\/p>\n\n\n\n<p class=\"has-neve-text-color-color has-text-color\">Na co masz ochot\u0119. W naszym menu znajdziesz smaczne proste i po\u017cywne posi\u0142ki kt\u00f3re dostarcz\u0105 ci energii na d\u0142ugie w\u0119dr\u00f3wki. Oferujemy zar\u00f3wno smaczne \u015bniadania jak i przek\u0105ski w ci\u0105gu dnia lub na wyj\u015bcie w g\u00f3ry. Mamy te\u017c mo\u017cliwo\u015b\u0107 zam\u00f3wienia dla naszych go\u015bci obiadokolacji z wcze\u015bniejszym zam\u00f3wieniem.<\/p>\n\n\n\n<h3 id=\"wp-block-themeisle-blocks-advanced-heading-3d6010eb\" class=\"wp-block-themeisle-blocks-advanced-heading wp-block-themeisle-blocks-advanced-heading-3d6010eb\">Restauracja Villa Idylla<\/h3>\n\n\n\n<p class=\"has-neve-text-color-color has-text-color\">Tel: (0048) 606 353 635<br>E-mail: <a href=\"mailto:villaidylla@op.pl\" target=\"_blank\" rel=\"noreferrer noopener\">villaidylla@op.pl<\/a><br>Adres: Droga Turystyczna 10,<br>58-563 Przesieka<\/p>\n\n\n\n<p><\/p>\n\n\n\n<h2 id=\"wp-block-themeisle-blocks-advanced-heading-8e42e89f\" class=\"wp-block-themeisle-blocks-advanced-heading wp-block-themeisle-blocks-advanced-heading-8e42e89f\"><\/h2>\n\n\n\n<p>Mo\u017cliwo\u015b\u0107 zam\u00f3wienia obiadokolacji (zam\u00f3wienie z wyprzedzeniem)<\/p>\n\n\n\n<p><\/p>\n\n\n\n<hr class=\"wp-block-separator has-text-color has-css-opacity has-background is-style-wide\" style=\"background-color:#e8e8e8;color:#e8e8e8\"\/>\n<\/div>\n\n\n\n<div class=\"wp-block-themeisle-blocks-advanced-column\" id=\"wp-block-themeisle-blocks-advanced-column-1dd89cbb\">\n<h2 id=\"wp-block-themeisle-blocks-advanced-heading-2b44b8fa\" class=\"wp-block-themeisle-blocks-advanced-heading wp-block-themeisle-blocks-advanced-heading-2b44b8fa\"><br><br><\/h2>\n\n\n\n<h2 id=\"wp-block-themeisle-blocks-advanced-heading-03b7777f\" class=\"wp-block-themeisle-blocks-advanced-heading wp-block-themeisle-blocks-advanced-heading-03b7777f\"><br><\/h2>\n<\/div>\n<\/div><\/div>\n\n\n\n<div class=\"wp-block-themeisle-blocks-advanced-columns alignfull has-2-columns has-desktop-equal-layout has-tablet-equal-layout has-mobile-collapsedRows-layout has-default-gap has-vertical-unset\" id=\"wp-block-themeisle-blocks-advanced-columns-c5b2785b\"><div class=\"wp-block-themeisle-blocks-advanced-columns-overlay\"><\/div><div class=\"innerblocks-wrap\">\n<div class=\"wp-block-themeisle-blocks-advanced-column\" id=\"wp-block-themeisle-blocks-advanced-column-faa4a7a1\">\n<div id=\"wp-block-themeisle-blocks-button-group-7e9bc804\" class=\"wp-block-themeisle-blocks-button-group wp-block-buttons align-center\">\n<div id=\"wp-block-themeisle-blocks-button-3f675c66\" class=\"wp-block-themeisle-blocks-button wp-block-button\"><a href=\"\" target=\"_self\" rel=\"noopener noreferrer\" class=\"wp-block-button__link\"><i class=\"fas fa-fw fa-star\"><\/i><\/a><\/div>\n\n\n\n<div id=\"wp-block-themeisle-blocks-button-7b35da33\" class=\"wp-block-themeisle-blocks-button wp-block-button\"><a href=\"\" target=\"_self\" rel=\"noopener noreferrer\" class=\"wp-block-button__link\"><i class=\"fas fa-fw fa-star\"><\/i><\/a><\/div>\n\n\n\n<div id=\"wp-block-themeisle-blocks-button-3378ae8b\" class=\"wp-block-themeisle-blocks-button wp-block-button\"><a href=\"\" target=\"_self\" rel=\"noopener noreferrer\" class=\"wp-block-button__link\"><i class=\"fas fa-fw fa-star\"><\/i><\/a><\/div>\n\n\n\n<div id=\"wp-block-themeisle-blocks-button-e3a7b9cb\" class=\"wp-block-themeisle-blocks-button wp-block-button\"><a href=\"\" target=\"_self\" rel=\"noopener noreferrer\" class=\"wp-block-button__link\"><i class=\"fas fa-fw fa-star\"><\/i><\/a><\/div>\n\n\n\n<div id=\"wp-block-themeisle-blocks-button-09263677\" class=\"wp-block-themeisle-blocks-button wp-block-button\"><a href=\"\" target=\"_self\" rel=\"noopener noreferrer\" class=\"wp-block-button__link\"><i class=\"fas fa-fw fa-star\"><\/i><\/a><\/div>\n<\/div>\n\n\n\n<p class=\"has-text-align-center has-nv-text-dark-bg-color has-text-color has-medium-font-size\"> \u201c&#8230; Pyszne proste i po\u017cywne !\u201d<br><\/p>\n\n\n\n<h3 id=\"wp-block-themeisle-blocks-advanced-heading-12440875\" class=\"wp-block-themeisle-blocks-advanced-heading wp-block-themeisle-blocks-advanced-heading-12440875\">Kinga<\/h3>\n<\/div>\n\n\n\n<div class=\"wp-block-themeisle-blocks-advanced-column\" id=\"wp-block-themeisle-blocks-advanced-column-58e62fe3\">\n<div id=\"wp-block-themeisle-blocks-button-group-5aec6fb8\" class=\"wp-block-themeisle-blocks-button-group wp-block-buttons align-center\">\n<div id=\"wp-block-themeisle-blocks-button-2cc3da5f\" class=\"wp-block-themeisle-blocks-button wp-block-button\"><a href=\"\" target=\"_self\" rel=\"noopener noreferrer\" class=\"wp-block-button__link\"><i class=\"fas fa-fw fa-star\"><\/i><\/a><\/div>\n\n\n\n<div id=\"wp-block-themeisle-blocks-button-204cbe46\" class=\"wp-block-themeisle-blocks-button wp-block-button\"><a href=\"\" target=\"_self\" rel=\"noopener noreferrer\" class=\"wp-block-button__link\"><i class=\"fas fa-fw fa-star\"><\/i><\/a><\/div>\n\n\n\n<div id=\"wp-block-themeisle-blocks-button-0a7932e8\" class=\"wp-block-themeisle-blocks-button wp-block-button\"><a href=\"\" target=\"_self\" rel=\"noopener noreferrer\" class=\"wp-block-button__link\"><i class=\"fas fa-fw fa-star\"><\/i><\/a><\/div>\n\n\n\n<div id=\"wp-block-themeisle-blocks-button-23f91ec2\" class=\"wp-block-themeisle-blocks-button wp-block-button\"><a href=\"\" target=\"_self\" rel=\"noopener noreferrer\" class=\"wp-block-button__link\"><i class=\"fas fa-fw fa-star\"><\/i><\/a><\/div>\n\n\n\n<div id=\"wp-block-themeisle-blocks-button-8cd44aa8\" class=\"wp-block-themeisle-blocks-button wp-block-button\"><a href=\"\" target=\"_self\" rel=\"noopener noreferrer\" class=\"wp-block-button__link\"><i class=\"fas fa-fw fa-star\"><\/i><\/a><\/div>\n<\/div>\n\n\n\n<p class=\"has-text-align-center has-nv-text-dark-bg-color has-text-color has-medium-font-size\"> \u201cBardzo smaczne \u015bniadania, znakomita kawa z ekspresu ci\u015bnieniowego \u201d<br><\/p>\n\n\n\n<h3 id=\"wp-block-themeisle-blocks-advanced-heading-a35e3ea0\" class=\"wp-block-themeisle-blocks-advanced-heading wp-block-themeisle-blocks-advanced-heading-a35e3ea0\">Maciej<\/h3>\n<\/div>\n<\/div><\/div>\n","protected":false},"excerpt":{"rendered":"","protected":false},"author":1,"featured_media":0,"parent":0,"menu_order":0,"comment_status":"closed","ping_status":"closed","template":"page-templates\/template-pagebuilder-full-width.php","meta":{"om_disable_all_campaigns":false,"_monsterinsights_skip_tracking":false,"_monsterinsights_sitenote_active":false,"_monsterinsights_sitenote_note":"","_monsterinsights_sitenote_category":0,"neve_meta_sidebar":"full-width","neve_meta_container":"","neve_meta_enable_content_width":"on","neve_meta_content_width":100,"neve_meta_title_alignment":"center","neve_meta_author_avatar":"","neve_post_elements_order":"","neve_meta_disable_header":"","neve_meta_disable_footer":"","neve_meta_disable_title":"","_themeisle_gutenberg_block_has_review":false,"footnotes":""},"class_list":["post-1210","page","type-page","status-publish","hentry"],"aioseo_notices":[],"_links":{"self":[{"href":"https:\/\/villaidylla.pl\/index.php\/wp-json\/wp\/v2\/pages\/1210","targetHints":{"allow":["GET"]}}],"collection":[{"href":"https:\/\/villaidylla.pl\/index.php\/wp-json\/wp\/v2\/pages"}],"about":[{"href":"https:\/\/villaidylla.pl\/index.php\/wp-json\/wp\/v2\/types\/page"}],"author":[{"embeddable":true,"href":"https:\/\/villaidylla.pl\/index.php\/wp-json\/wp\/v2\/users\/1"}],"replies":[{"embeddable":true,"href":"https:\/\/villaidylla.pl\/index.php\/wp-json\/wp\/v2\/comments?post=1210"}],"version-history":[{"count":2,"href":"https:\/\/villaidylla.pl\/index.php\/wp-json\/wp\/v2\/pages\/1210\/revisions"}],"predecessor-version":[{"id":1218,"href":"https:\/\/villaidylla.pl\/index.php\/wp-json\/wp\/v2\/pages\/1210\/revisions\/1218"}],"wp:attachment":[{"href":"https:\/\/villaidylla.pl\/index.php\/wp-json\/wp\/v2\/media?parent=1210"}],"curies":[{"name":"wp","href":"https:\/\/api.w.org\/{rel}","templated":true}]}}